{"id":8,"date":"2024-10-03T12:03:28","date_gmt":"2024-10-03T12:03:28","guid":{"rendered":"https:\/\/jebcontabil.com.br\/?page_id=8"},"modified":"2024-10-03T13:54:16","modified_gmt":"2024-10-03T13:54:16","slug":"quem-somos","status":"publish","type":"page","link":"https:\/\/jebcontabil.com.br\/index.php\/quem-somos\/","title":{"rendered":"Quem Somos"},"content":{"rendered":"\t\t<div data-elementor-type=\"wp-page\" data-elementor-id=\"8\" class=\"elementor elementor-8\" data-elementor-post-type=\"page\">\n\t\t\t\t\t\t<section class=\"elementor-section elementor-top-section elementor-element elementor-element-b942646 elementor-section-boxed elementor-section-height-default elementor-section-height-default\" data-id=\"b942646\" data-element_type=\"section\" data-settings=\"{&quot;background_background&quot;:&quot;classic&quot;}\">\n\t\t\t\t\t\t<div class=\"elementor-container elementor-column-gap-default\">\n\t\t\t\t\t<div class=\"elementor-column elementor-col-100 elementor-top-column elementor-element elementor-element-ed0f75b\" data-id=\"ed0f75b\" data-element_type=\"column\">\n\t\t\t<div class=\"elementor-widget-wrap elementor-element-populated\">\n\t\t\t\t\t\t<div class=\"elementor-element elementor-element-29e556f elementor-view-default elementor-widget elementor-widget-icon\" data-id=\"29e556f\" data-element_type=\"widget\" data-widget_type=\"icon.default\">\n\t\t\t\t<div class=\"elementor-widget-container\">\n\t\t\t\t\t<div class=\"elementor-icon-wrapper\">\n\t\t\t<div class=\"elementor-icon\">\n\t\t\t<i aria-hidden=\"true\" class=\"fas fa-arrow-circle-down\"><\/i>\t\t\t<\/div>\n\t\t<\/div>\n\t\t\t\t<\/div>\n\t\t\t\t<\/div>\n\t\t\t\t\t<\/div>\n\t\t<\/div>\n\t\t\t\t\t<\/div>\n\t\t<\/section>\n\t\t\t\t<section class=\"elementor-section elementor-top-section elementor-element elementor-element-9dbaa63 elementor-section-full_width elementor-reverse-mobile elementor-section-height-default elementor-section-height-default\" data-id=\"9dbaa63\" data-element_type=\"section\" data-settings=\"{&quot;background_background&quot;:&quot;classic&quot;}\">\n\t\t\t\t\t\t<div class=\"elementor-container elementor-column-gap-default\">\n\t\t\t\t\t<div class=\"elementor-column elementor-col-50 elementor-top-column elementor-element elementor-element-3f5aac1\" data-id=\"3f5aac1\" data-element_type=\"column\">\n\t\t\t<div class=\"elementor-widget-wrap elementor-element-populated\">\n\t\t\t\t\t\t<div class=\"elementor-element elementor-element-866ce0f elementor-widget elementor-widget-image\" data-id=\"866ce0f\" data-element_type=\"widget\" data-widget_type=\"image.default\">\n\t\t\t\t<div class=\"elementor-widget-container\">\n\t\t\t\t\t\t\t\t\t\t\t\t\t<img fetchpriority=\"high\" decoding=\"async\" width=\"525\" height=\"525\" src=\"https:\/\/jebcontabil.com.br\/wp-content\/uploads\/2024\/10\/jeb-contabil-1-1024x1024.jpg\" class=\"attachment-large size-large wp-image-69\" alt=\"\" srcset=\"https:\/\/jebcontabil.com.br\/wp-content\/uploads\/2024\/10\/jeb-contabil-1-1024x1024.jpg 1024w, https:\/\/jebcontabil.com.br\/wp-content\/uploads\/2024\/10\/jeb-contabil-1-300x300.jpg 300w, https:\/\/jebcontabil.com.br\/wp-content\/uploads\/2024\/10\/jeb-contabil-1-150x150.jpg 150w, https:\/\/jebcontabil.com.br\/wp-content\/uploads\/2024\/10\/jeb-contabil-1-768x768.jpg 768w, https:\/\/jebcontabil.com.br\/wp-content\/uploads\/2024\/10\/jeb-contabil-1-100x100.jpg 100w, https:\/\/jebcontabil.com.br\/wp-content\/uploads\/2024\/10\/jeb-contabil-1.jpg 1080w\" sizes=\"100vw\" \/>\t\t\t\t\t\t\t\t\t\t\t\t\t<\/div>\n\t\t\t\t<\/div>\n\t\t\t\t\t<\/div>\n\t\t<\/div>\n\t\t\t\t<div class=\"elementor-column elementor-col-50 elementor-top-column elementor-element elementor-element-5493fb2\" data-id=\"5493fb2\" data-element_type=\"column\">\n\t\t\t<div class=\"elementor-widget-wrap elementor-element-populated\">\n\t\t\t\t\t\t<div class=\"elementor-element elementor-element-b3ba649 elementor-invisible elementor-widget elementor-widget-text-editor\" data-id=\"b3ba649\" data-element_type=\"widget\" data-settings=\"{&quot;_animation&quot;:&quot;fadeInRight&quot;}\" data-widget_type=\"text-editor.default\">\n\t\t\t\t<div class=\"elementor-widget-container\">\n\t\t\t\t\t\t\t<p><span style=\"font-weight: 400;\"><strong>Fundado em\u00a002 de janeiro de 1991<\/strong>, a empresa <\/span><span style=\"font-weight: 400;\">J EB SERVICOS CONTABEIS LTDA <\/span><span style=\"font-weight: 400;\">est\u00e1 localizado em sua sede pr\u00f3pria na cidade de Itapira\/SP, na Rua Amap\u00e1, 39, CEP 13972-010.\u00a0Desde 1998, atua como Pessoa Jur\u00eddica, <\/span><strong>atendendo Micro e Pequenas Empresas\u00a0com tributa\u00e7\u00e3o diferenciada, al\u00e9m de empresas no regime de Lucro Presumido <\/strong><span style=\"font-weight: 400;\">em Itapira e regi\u00e3o, nos setores de Com\u00e9rcio, Ind\u00fastria e Presta\u00e7\u00e3o de Servi\u00e7os.<\/span><\/p><p>Nosso escrit\u00f3rio est\u00e1 estrategicamente situado em uma regi\u00e3o de f\u00e1cil acesso, livre de congestionamentos, oferecendo maior conforto e comodidade para nossos clientes e parceiros.<\/p><p><b>Dirigido por Sandra Mara Baldessini,<\/b><span style=\"font-weight: 400;\">\u00a0com vasta experi\u00eancia no ramo desde 1991, a empresa contabil conta com uma equipe qualificada e constantemente atualizada, dividida em setores especializados (cont\u00e1bil, fiscal e departamento pessoal), pronta para oferecer o melhor atendimento.<\/span><\/p>\t\t\t\t\t\t<\/div>\n\t\t\t\t<\/div>\n\t\t\t\t\t<\/div>\n\t\t<\/div>\n\t\t\t\t\t<\/div>\n\t\t<\/section>\n\t\t\t\t<section class=\"elementor-section elementor-top-section elementor-element elementor-element-062839f elementor-section-boxed elementor-section-height-default elementor-section-height-default\" data-id=\"062839f\" data-element_type=\"section\" data-settings=\"{&quot;background_background&quot;:&quot;classic&quot;}\">\n\t\t\t\t\t\t<div class=\"elementor-container elementor-column-gap-default\">\n\t\t\t\t\t<div class=\"elementor-column elementor-col-100 elementor-top-column elementor-element elementor-element-a30d6e3\" data-id=\"a30d6e3\" data-element_type=\"column\">\n\t\t\t<div class=\"elementor-widget-wrap elementor-element-populated\">\n\t\t\t\t\t\t<div class=\"elementor-element elementor-element-49efa23 elementor-widget elementor-widget-heading\" data-id=\"49efa23\" data-element_type=\"widget\" data-widget_type=\"heading.default\">\n\t\t\t\t<div class=\"elementor-widget-container\">\n\t\t\t<h2 class=\"elementor-heading-title elementor-size-default\">Agende uma visita e venha conhecer nossas instala\u00e7\u00f5es!<\/h2>\t\t<\/div>\n\t\t\t\t<\/div>\n\t\t\t\t\t<\/div>\n\t\t<\/div>\n\t\t\t\t\t<\/div>\n\t\t<\/section>\n\t\t\t\t<\/div>\n\t\t","protected":false},"excerpt":{"rendered":"<p>Fundado em\u00a002 de janeiro de 1991, a empresa J EB SERVICOS CONTABEIS LTDA est\u00e1 localizado em sua sede pr\u00f3pria na cidade de Itapira\/SP, na Rua Amap\u00e1, 39, CEP 13972-010.\u00a0Desde 1998, atua como Pessoa Jur\u00eddica, atendendo Micro e Pequenas Empresas\u00a0com tributa\u00e7\u00e3o diferenciada, al\u00e9m de empresas no regime de Lucro Presumido em Itapira e regi\u00e3o, nos setores &hellip; <\/p>\n<p class=\"link-more\"><a href=\"https:\/\/jebcontabil.com.br\/index.php\/quem-somos\/\" class=\"more-link\">Continue lendo<span class=\"screen-reader-text\"> &#8220;Quem Somos&#8221;<\/span><\/a><\/p>\n","protected":false},"author":1,"featured_media":0,"parent":0,"menu_order":0,"comment_status":"closed","ping_status":"closed","template":"elementor_header_footer","meta":{"om_disable_all_campaigns":false,"_monsterinsights_skip_tracking":false,"_monsterinsights_sitenote_active":false,"_monsterinsights_sitenote_note":"","_monsterinsights_sitenote_category":0,"footnotes":""},"class_list":["post-8","page","type-page","status-publish","hentry"],"aioseo_notices":[],"_links":{"self":[{"href":"https:\/\/jebcontabil.com.br\/index.php\/wp-json\/wp\/v2\/pages\/8","targetHints":{"allow":["GET"]}}],"collection":[{"href":"https:\/\/jebcontabil.com.br\/index.php\/wp-json\/wp\/v2\/pages"}],"about":[{"href":"https:\/\/jebcontabil.com.br\/index.php\/wp-json\/wp\/v2\/types\/page"}],"author":[{"embeddable":true,"href":"https:\/\/jebcontabil.com.br\/index.php\/wp-json\/wp\/v2\/users\/1"}],"replies":[{"embeddable":true,"href":"https:\/\/jebcontabil.com.br\/index.php\/wp-json\/wp\/v2\/comments?post=8"}],"version-history":[{"count":10,"href":"https:\/\/jebcontabil.com.br\/index.php\/wp-json\/wp\/v2\/pages\/8\/revisions"}],"predecessor-version":[{"id":144,"href":"https:\/\/jebcontabil.com.br\/index.php\/wp-json\/wp\/v2\/pages\/8\/revisions\/144"}],"wp:attachment":[{"href":"https:\/\/jebcontabil.com.br\/index.php\/wp-json\/wp\/v2\/media?parent=8"}],"curies":[{"name":"wp","href":"https:\/\/api.w.org\/{rel}","templated":true}]}}